{"id":350,"date":"2024-06-25T08:53:52","date_gmt":"2024-06-25T06:53:52","guid":{"rendered":"https:\/\/bauwerk.weinmuellner.com\/?page_id=350"},"modified":"2025-04-14T13:23:40","modified_gmt":"2025-04-14T11:23:40","slug":"350-2","status":"publish","type":"page","link":"https:\/\/www.bauwerk-schladming.at\/?page_id=350","title":{"rendered":"Planung"},"content":{"rendered":"<p>[et_pb_section fb_built=&#8220;1&#8243; _builder_version=&#8220;4.25.2&#8243; _module_preset=&#8220;default&#8220; background_color=&#8220;#616367&#8243; background_image=&#8220;https:\/\/www.bauwerk-schladming.at\/wp-content\/uploads\/2024\/06\/header-bild-05a.png&#8220; parallax=&#8220;on&#8220; min_height=&#8220;420px&#8220; global_colors_info=&#8220;{}&#8220;][et_pb_row _builder_version=&#8220;4.25.2&#8243; _module_preset=&#8220;default&#8220; global_colors_info=&#8220;{}&#8220;][et_pb_column type=&#8220;4_4&#8243; _builder_version=&#8220;4.25.2&#8243; _module_preset=&#8220;default&#8220; global_colors_info=&#8220;{}&#8220;][et_pb_image src=&#8220;https:\/\/www.bauwerk-schladming.at\/wp-content\/uploads\/2024\/06\/bauwerk-schladming-weiss.svg&#8220; title_text=&#8220;bauwerk-schladming-weiss&#8220; _builder_version=&#8220;4.25.2&#8243; _module_preset=&#8220;default&#8220; height=&#8220;128px&#8220; filter_opacity=&#8220;50%&#8220; animation_style=&#8220;fade&#8220; global_colors_info=&#8220;{}&#8220;][\/et_pb_image][et_pb_text _builder_version=&#8220;4.25.2&#8243; _module_preset=&#8220;default&#8220; global_colors_info=&#8220;{}&#8220;]<\/p>\n<h1><span style=\"color: #ffffff;\">Planung<\/span><\/h1>\n<p>[\/et_pb_text][\/et_pb_column][\/et_pb_row][\/et_pb_section][et_pb_section fb_built=&#8220;1&#8243; _builder_version=&#8220;4.25.2&#8243; _module_preset=&#8220;default&#8220; global_colors_info=&#8220;{}&#8220;][et_pb_row _builder_version=&#8220;4.25.2&#8243; _module_preset=&#8220;default&#8220; global_colors_info=&#8220;{}&#8220;][et_pb_column type=&#8220;4_4&#8243; _builder_version=&#8220;4.25.2&#8243; _module_preset=&#8220;default&#8220; global_colors_info=&#8220;{}&#8220;][et_pb_text _builder_version=&#8220;4.25.2&#8243; _module_preset=&#8220;default&#8220; global_colors_info=&#8220;{}&#8220;]<\/p>\n<h3>Integrale Bauplanung, Kostenplanung und Bauzeitplanung<\/h3>\n<p>[\/et_pb_text][\/et_pb_column][\/et_pb_row][et_pb_row column_structure=&#8220;3_4,1_4&#8243; _builder_version=&#8220;4.25.2&#8243; _module_preset=&#8220;default&#8220; custom_padding=&#8220;15px|||||&#8220; global_colors_info=&#8220;{}&#8220;][et_pb_column type=&#8220;3_4&#8243; _builder_version=&#8220;4.25.2&#8243; _module_preset=&#8220;default&#8220; global_colors_info=&#8220;{}&#8220;][et_pb_text _builder_version=&#8220;4.25.2&#8243; _module_preset=&#8220;default&#8220; global_colors_info=&#8220;{}&#8220;]<\/p>\n<div style=\"text-align: left;\">\n<p><span><strong>Einreichplanung<br \/><\/strong>Im Rahmen unserer uneingeschr\u00e4nkten Planungsbefugnis konzipieren und erstellen wir in Abstimmung mit der Bauherrenschaft die Einreichunterlagen f\u00fcr die Baubeh\u00f6rde und Gewerbebeh\u00f6rde. <\/span><\/p>\n<p><strong style=\"font-size: 16px;\">Integrale Ausf\u00fchrungsplanung<br \/><\/strong>Wir erstellen bzw. organisieren und begleiten die integrale Planung eines Bauprojektes in allen Phasen der Bauchronologie. Eine rechtzeitige Abstimmung zwischen den verantwortlichen Schnittstellen Architekt, Polierplaner, Fachplaner und Innenarchitekt erm\u00f6glicht eine rasche und unkomplizierte Abwicklung mit m\u00f6glichst wenig Improvisationserfordernis in der Ausf\u00fchrung und der veranschlagte Kostenrahmen wie Bauzeitplan k\u00f6nnen eingehalten werden.<\/p>\n<p><strong style=\"font-size: 16px;\">Sicherheits- und Gesundheitsschutzplan<br \/><\/strong>Als sicherheitstechnisches Zentrum \u00fcbernehmen wir auch die an die Bauherrenschaft gestellte Verantwortung zur Einsetzung eines &#8222;Planungs- und Baustellenkoordinators&#8220; nach \u00a76 des Bauarbeitenkoordinationsgesetzes. Dies gew\u00e4hrleistet eine m\u00f6glichst unfallfreie Bauausf\u00fchrung unter Wahrung der Bestimmungen aus dem Arbeitnehmerschutzgesetz.<\/p>\n<\/div>\n<div style=\"text-align: left;\"><\/div>\n<div style=\"text-align: left;\"><span><\/span><\/div>\n<p>[\/et_pb_text][\/et_pb_column][et_pb_column type=&#8220;1_4&#8243; _builder_version=&#8220;4.25.2&#8243; _module_preset=&#8220;default&#8220; global_colors_info=&#8220;{}&#8220;][et_pb_text _builder_version=&#8220;4.25.2&#8243; _module_preset=&#8220;default&#8220; global_colors_info=&#8220;{}&#8220;]<\/p>\n<p><span style=\"color: #616367;\"><b>Der taktische Regelkreis<br \/>f\u00fcr die Umsetzung eines gelungenen Projektes basiert auf den drei S\u00e4ulen, die auch einer laufenden Evaluierung w\u00e4hrend des gesamten Projektprozesses unterliegen:\u00a0<\/p>\n<p>Qualit\u00e4t<br \/>Kostenbudget<br \/>Terminplan<\/b><\/span><\/p>\n<p>[\/et_pb_text][\/et_pb_column][\/et_pb_row][\/et_pb_section]<\/p>\n","protected":false},"excerpt":{"rendered":"<p>PlanungIntegrale Bauplanung, Kostenplanung und Bauzeitplanung EinreichplanungIm Rahmen unserer uneingeschr\u00e4nkten Planungsbefugnis konzipieren und erstellen wir in Abstimmung mit der Bauherrenschaft die Einreichunterlagen f\u00fcr die Baubeh\u00f6rde und Gewerbebeh\u00f6rde. Integrale Ausf\u00fchrungsplanungWir erstellen bzw. organisieren und begleiten die integrale Planung eines Bauprojektes in allen Phasen der Bauchronologie. Eine rechtzeitige Abstimmung zwischen den verantwortlichen Schnittstellen Architekt, Polierplaner, Fachplaner und Innenarchitekt [&hellip;]<\/p>\n","protected":false},"author":2,"featured_media":0,"parent":0,"menu_order":0,"comment_status":"closed","ping_status":"closed","template":"","meta":{"_et_pb_use_builder":"on","_et_pb_old_content":"","_et_gb_content_width":"","inline_featured_image":false,"footnotes":""},"class_list":["post-350","page","type-page","status-publish","hentry"],"_links":{"self":[{"href":"https:\/\/www.bauwerk-schladming.at\/index.php?rest_route=\/wp\/v2\/pages\/350","targetHints":{"allow":["GET"]}}],"collection":[{"href":"https:\/\/www.bauwerk-schladming.at\/index.php?rest_route=\/wp\/v2\/pages"}],"about":[{"href":"https:\/\/www.bauwerk-schladming.at\/index.php?rest_route=\/wp\/v2\/types\/page"}],"author":[{"embeddable":true,"href":"https:\/\/www.bauwerk-schladming.at\/index.php?rest_route=\/wp\/v2\/users\/2"}],"replies":[{"embeddable":true,"href":"https:\/\/www.bauwerk-schladming.at\/index.php?rest_route=%2Fwp%2Fv2%2Fcomments&post=350"}],"version-history":[{"count":17,"href":"https:\/\/www.bauwerk-schladming.at\/index.php?rest_route=\/wp\/v2\/pages\/350\/revisions"}],"predecessor-version":[{"id":516,"href":"https:\/\/www.bauwerk-schladming.at\/index.php?rest_route=\/wp\/v2\/pages\/350\/revisions\/516"}],"wp:attachment":[{"href":"https:\/\/www.bauwerk-schladming.at\/index.php?rest_route=%2Fwp%2Fv2%2Fmedia&parent=350"}],"curies":[{"name":"wp","href":"https:\/\/api.w.org\/{rel}","templated":true}]}}