{"id":24,"date":"2024-06-21T10:21:55","date_gmt":"2024-06-21T08:21:55","guid":{"rendered":"https:\/\/bauwerk.weinmuellner.com\/?page_id=24"},"modified":"2025-02-03T11:36:20","modified_gmt":"2025-02-03T10:36:20","slug":"willkommen-beim-bau-werk-schladming","status":"publish","type":"page","link":"https:\/\/www.bauwerk-schladming.at\/","title":{"rendered":"Willkommen beim bau.WERK Schladming"},"content":{"rendered":"<p>[et_pb_section fb_built=&#8220;1&#8243; _builder_version=&#8220;4.25.2&#8243; _module_preset=&#8220;default&#8220; background_color=&#8220;#616367&#8243; background_image=&#8220;https:\/\/www.bauwerk-schladming.at\/wp-content\/uploads\/2024\/06\/header-bild-05a.png&#8220; parallax=&#8220;on&#8220; background_blend=&#8220;darken&#8220; min_height=&#8220;420px&#8220; animation_style=&#8220;fade&#8220; global_colors_info=&#8220;{}&#8220;][et_pb_row _builder_version=&#8220;4.25.2&#8243; _module_preset=&#8220;default&#8220; global_colors_info=&#8220;{}&#8220;][et_pb_column type=&#8220;4_4&#8243; _builder_version=&#8220;4.25.2&#8243; _module_preset=&#8220;default&#8220; global_colors_info=&#8220;{}&#8220;][et_pb_image src=&#8220;https:\/\/www.bauwerk-schladming.at\/wp-content\/uploads\/2024\/06\/bauwerk-schladming-weiss.svg&#8220; title_text=&#8220;bauwerk-schladming-weiss&#8220; _builder_version=&#8220;4.25.2&#8243; _module_preset=&#8220;default&#8220; height=&#8220;128px&#8220; animation_style=&#8220;fade&#8220; animation_direction=&#8220;top&#8220; global_colors_info=&#8220;{}&#8220;][\/et_pb_image][et_pb_text _builder_version=&#8220;4.25.2&#8243; _module_preset=&#8220;default&#8220; global_colors_info=&#8220;{}&#8220;]<\/p>\n<h3><span style=\"color: #ffffff;\">Projektentwicklung.\u00a0<\/span><span style=\"color: #ffffff;\">Projektmanagement.\u00a0<\/span><span style=\"color: #ffffff;\">\u00d6rtliche Bauaufsicht.<\/span><\/h3>\n<p>[\/et_pb_text][\/et_pb_column][\/et_pb_row][\/et_pb_section][et_pb_section fb_built=&#8220;1&#8243; _builder_version=&#8220;4.25.2&#8243; _module_preset=&#8220;default&#8220; global_colors_info=&#8220;{}&#8220;][et_pb_row column_structure=&#8220;1_2,1_2&#8243; _builder_version=&#8220;4.25.2&#8243; _module_preset=&#8220;default&#8220; global_colors_info=&#8220;{}&#8220;][et_pb_column type=&#8220;1_2&#8243; _builder_version=&#8220;4.25.2&#8243; _module_preset=&#8220;default&#8220; global_colors_info=&#8220;{}&#8220;][et_pb_text _builder_version=&#8220;4.25.2&#8243; _module_preset=&#8220;default&#8220; global_colors_info=&#8220;{}&#8220;]<\/p>\n<h1 style=\"text-align: right;\">Wir kennen alle Facetten eines Bauprozesses und haben die <strong>Erfahrung<\/strong>,<br \/>diese reibungslos zusammenzuf\u00fchren.<\/h1>\n<p>[\/et_pb_text][\/et_pb_column][et_pb_column type=&#8220;1_2&#8243; _builder_version=&#8220;4.25.2&#8243; _module_preset=&#8220;default&#8220; global_colors_info=&#8220;{}&#8220;][et_pb_text _builder_version=&#8220;4.25.2&#8243; _module_preset=&#8220;default&#8220; global_colors_info=&#8220;{}&#8220;]<\/p>\n<p>Wissen aus erster Hand und hochqualifizierte Mitarbeiter sowie die Zusammenarbeit mit ausgesuchten Profis wie ArchitektInnen, FachplanerInnen usw. sind unser Rezept, um wettbewerbsf\u00e4hig zu sein.<\/p>\n<p>Der Interessensschwerpunkt liegt sowohl in der Realisierung von Bauprojekten in k\u00fcrzester Zeit, im Qualit\u00e4tsmanagement, als auch in der Nachhaltigkeit einer transparenten Kostenkontrolle. Projekte, die sich von der Masse abheben, tragen die Handschrift der bau.WERK Knauss GesmbH. Das ist der Anspruch, den das Unternehmen an sich stellt.<\/p>\n<p>[\/et_pb_text][\/et_pb_column][\/et_pb_row][\/et_pb_section][et_pb_section fb_built=&#8220;1&#8243; _builder_version=&#8220;4.25.2&#8243; _module_preset=&#8220;default&#8220; custom_padding=&#8220;||0px||false|false&#8220; global_colors_info=&#8220;{}&#8220;][et_pb_row _builder_version=&#8220;4.25.2&#8243; _module_preset=&#8220;default&#8220; global_colors_info=&#8220;{}&#8220;][et_pb_column type=&#8220;4_4&#8243; _builder_version=&#8220;4.25.2&#8243; _module_preset=&#8220;default&#8220; global_colors_info=&#8220;{}&#8220;][et_pb_text _builder_version=&#8220;4.25.2&#8243; _module_preset=&#8220;default&#8220; global_colors_info=&#8220;{}&#8220;]<\/p>\n<h1 style=\"text-align: center;\">Unsere aktuellsten Projekte&#8230;<\/h1>\n<p>[\/et_pb_text][\/et_pb_column][\/et_pb_row][\/et_pb_section][et_pb_section fb_built=&#8220;1&#8243; fullwidth=&#8220;on&#8220; _builder_version=&#8220;4.25.2&#8243; _module_preset=&#8220;default&#8220; background_color=&#8220;#616367&#8243; global_colors_info=&#8220;{}&#8220;][et_pb_fullwidth_post_slider posts_number=&#8220;3&#8243; include_categories=&#8220;3&#8243; show_more_button=&#8220;off&#8220; use_manual_excerpt=&#8220;off&#8220; show_meta=&#8220;off&#8220; image_placement=&#8220;left&#8220; use_bg_overlay=&#8220;off&#8220; use_text_overlay=&#8220;off&#8220; _builder_version=&#8220;4.25.2&#8243; _module_preset=&#8220;default&#8220; background_color=&#8220;#616367&#8243; custom_margin=&#8220;0px||||false|false&#8220; custom_padding=&#8220;64px||64px||false|false&#8220; global_colors_info=&#8220;{}&#8220;][\/et_pb_fullwidth_post_slider][\/et_pb_section][et_pb_section fb_built=&#8220;1&#8243; _builder_version=&#8220;4.25.2&#8243; _module_preset=&#8220;default&#8220; background_color=&#8220;RGBA(255,255,255,0)&#8220; custom_padding=&#8220;0px||||false|false&#8220; global_colors_info=&#8220;{}&#8220;][et_pb_row _builder_version=&#8220;4.25.2&#8243; _module_preset=&#8220;default&#8220; global_colors_info=&#8220;{}&#8220;][et_pb_column type=&#8220;4_4&#8243; _builder_version=&#8220;4.25.2&#8243; _module_preset=&#8220;default&#8220; global_colors_info=&#8220;{}&#8220;][et_pb_button button_url=&#8220;@ET-DC@eyJkeW5hbWljIjp0cnVlLCJjb250ZW50IjoicG9zdF9saW5rX3VybF9wYWdlIiwic2V0dGluZ3MiOnsicG9zdF9pZCI6IjkwIn19@&#8220; button_text=&#8220;Weitere Referenzen&#8230;&#8220; button_alignment=&#8220;center&#8220; _builder_version=&#8220;4.25.2&#8243; _dynamic_attributes=&#8220;button_url&#8220; _module_preset=&#8220;default&#8220; global_colors_info=&#8220;{}&#8220;][\/et_pb_button][\/et_pb_column][\/et_pb_row][\/et_pb_section][et_pb_section fb_built=&#8220;1&#8243; _builder_version=&#8220;4.25.2&#8243; _module_preset=&#8220;default&#8220; global_colors_info=&#8220;{}&#8220;][et_pb_row column_structure=&#8220;1_3,2_3&#8243; _builder_version=&#8220;4.25.2&#8243; _module_preset=&#8220;default&#8220; global_colors_info=&#8220;{}&#8220;][et_pb_column type=&#8220;1_3&#8243; _builder_version=&#8220;4.25.2&#8243; _module_preset=&#8220;default&#8220; global_colors_info=&#8220;{}&#8220;][\/et_pb_column][et_pb_column type=&#8220;2_3&#8243; _builder_version=&#8220;4.25.2&#8243; _module_preset=&#8220;default&#8220; global_colors_info=&#8220;{}&#8220;][et_pb_text _builder_version=&#8220;4.25.2&#8243; _module_preset=&#8220;default&#8220; global_colors_info=&#8220;{}&#8220;]<\/p>\n<h1>Leistungsspektrum<\/h1>\n<p>[\/et_pb_text][\/et_pb_column][\/et_pb_row][et_pb_row column_structure=&#8220;1_3,2_3&#8243; _builder_version=&#8220;4.25.2&#8243; _module_preset=&#8220;default&#8220; global_colors_info=&#8220;{}&#8220;][et_pb_column type=&#8220;1_3&#8243; _builder_version=&#8220;4.25.2&#8243; _module_preset=&#8220;default&#8220; global_colors_info=&#8220;{}&#8220;][et_pb_text _builder_version=&#8220;4.25.2&#8243; _module_preset=&#8220;default&#8220; global_colors_info=&#8220;{}&#8220;]<\/p>\n<p style=\"text-align: right;\"><strong>Unsere T\u00e4tigkeitsbereiche sind sehr vielseitig und reichen von der Realisierung \u00f6ffentlicher Geb\u00e4ude bis hin zur Umsetzung anspruchsvoller Bauprojekte:<\/strong><\/p>\n<p>[\/et_pb_text][\/et_pb_column][et_pb_column type=&#8220;2_3&#8243; _builder_version=&#8220;4.25.2&#8243; _module_preset=&#8220;default&#8220; global_colors_info=&#8220;{}&#8220;][et_pb_text _builder_version=&#8220;4.25.2&#8243; _module_preset=&#8220;default&#8220; global_colors_info=&#8220;{}&#8220;]<\/p>\n<ul>\n<li>Privath\u00e4user<\/li>\n<li>Hotels und Pensionen<\/li>\n<li>Wohnanlagen<\/li>\n<li>Gewerbeobjekte<\/li>\n<li>Seilbahnanlagen<\/li>\n<li>Tiefgaragen und Parkh\u00e4user<\/li>\n<li>Sanierungen verschiedenster Objekte<\/li>\n<li>GewO \u00a782b Gutachten<\/li>\n<\/ul>\n<p>[\/et_pb_text][\/et_pb_column][\/et_pb_row][\/et_pb_section]<\/p>\n","protected":false},"excerpt":{"rendered":"<p>Projektentwicklung.\u00a0Projektmanagement.\u00a0\u00d6rtliche Bauaufsicht.Wir kennen alle Facetten eines Bauprozesses und haben die Erfahrung,diese reibungslos zusammenzuf\u00fchren.Wissen aus erster Hand und hochqualifizierte Mitarbeiter sowie die Zusammenarbeit mit ausgesuchten Profis wie ArchitektInnen, FachplanerInnen usw. sind unser Rezept, um wettbewerbsf\u00e4hig zu sein. Der Interessensschwerpunkt liegt sowohl in der Realisierung von Bauprojekten in k\u00fcrzester Zeit, im Qualit\u00e4tsmanagement, als auch in der Nachhaltigkeit [&hellip;]<\/p>\n","protected":false},"author":2,"featured_media":0,"parent":0,"menu_order":0,"comment_status":"closed","ping_status":"closed","template":"","meta":{"_et_pb_use_builder":"on","_et_pb_old_content":"","_et_gb_content_width":"","inline_featured_image":false,"footnotes":""},"class_list":["post-24","page","type-page","status-publish","hentry"],"_links":{"self":[{"href":"https:\/\/www.bauwerk-schladming.at\/index.php?rest_route=\/wp\/v2\/pages\/24","targetHints":{"allow":["GET"]}}],"collection":[{"href":"https:\/\/www.bauwerk-schladming.at\/index.php?rest_route=\/wp\/v2\/pages"}],"about":[{"href":"https:\/\/www.bauwerk-schladming.at\/index.php?rest_route=\/wp\/v2\/types\/page"}],"author":[{"embeddable":true,"href":"https:\/\/www.bauwerk-schladming.at\/index.php?rest_route=\/wp\/v2\/users\/2"}],"replies":[{"embeddable":true,"href":"https:\/\/www.bauwerk-schladming.at\/index.php?rest_route=%2Fwp%2Fv2%2Fcomments&post=24"}],"version-history":[{"count":24,"href":"https:\/\/www.bauwerk-schladming.at\/index.php?rest_route=\/wp\/v2\/pages\/24\/revisions"}],"predecessor-version":[{"id":587,"href":"https:\/\/www.bauwerk-schladming.at\/index.php?rest_route=\/wp\/v2\/pages\/24\/revisions\/587"}],"wp:attachment":[{"href":"https:\/\/www.bauwerk-schladming.at\/index.php?rest_route=%2Fwp%2Fv2%2Fmedia&parent=24"}],"curies":[{"name":"wp","href":"https:\/\/api.w.org\/{rel}","templated":true}]}}